{"id":4059,"date":"2026-05-06T22:20:09","date_gmt":"2026-05-06T20:20:09","guid":{"rendered":"https:\/\/www.tt-nogent.fr\/?page_id=4059"},"modified":"2026-05-06T22:41:45","modified_gmt":"2026-05-06T20:41:45","slug":"nous-contacter","status":"publish","type":"page","link":"https:\/\/www.tt-nogent.fr\/index.php\/nous-contacter\/","title":{"rendered":"Nous contacter"},"content":{"rendered":"\t\t<div data-elementor-type=\"wp-page\" data-elementor-id=\"4059\" class=\"elementor elementor-4059\">\n\t\t\t\t<div class=\"elementor-element elementor-element-641e29f1 e-flex e-con-boxed e-con e-parent\" data-id=\"641e29f1\" data-element_type=\"container\" data-e-type=\"container\">\n\t\t\t\t\t<div class=\"e-con-inner\">\n\t\t\t\t<div class=\"elementor-element elementor-element-4d0b19ca elementor-widget elementor-widget-text-editor\" data-id=\"4d0b19ca\" data-element_type=\"widget\" data-e-type=\"widget\" data-widget_type=\"text-editor.default\">\n\t\t\t\t\t\t\t\t\t<header><\/header><div><header><p><span style=\"color: #056196; font-size: 20px; font-weight: bolder;\">Pour plus d&rsquo;informations ou toutes questions sur le club, n&rsquo;h\u00e9sitez pas \u00e0 nous contacter<\/span><\/p><\/header><\/div>\t\t\t\t\t\t\t\t<\/div>\n\t\t\t\t\t<\/div>\n\t\t\t\t<\/div>\n\t\t<div class=\"elementor-element elementor-element-385e255 e-grid e-con-boxed e-con e-parent\" data-id=\"385e255\" data-element_type=\"container\" data-e-type=\"container\">\n\t\t\t\t\t<div class=\"e-con-inner\">\n\t\t\t\t<div class=\"elementor-element elementor-element-c87a108 elementor-widget__width-initial elementor-widget elementor-widget-text-editor\" data-id=\"c87a108\" data-element_type=\"widget\" data-e-type=\"widget\" data-widget_type=\"text-editor.default\">\n\t\t\t\t\t\t\t\t\t<h3><span style=\"color: #333399;\"><strong>Pr\u00e9sident\u00a0:\u00a0<\/strong><\/span><\/h3><p><span style=\"color: #000000;\">Pascal ROCHETTE (<span style=\"color: #000080;\"><a style=\"color: #000080;\" href=\"mailto:club@tt-nogent.fr\" target=\"_blank\" rel=\"noreferrer noopener\">club@tt-nogent.fr<\/a><\/span>) <\/span><\/p><h3><span style=\"color: #333399;\"><strong>Secr\u00e9taire G\u00e9n\u00e9ral\u00a0:<\/strong><\/span><\/h3><p><span style=\"color: #000000;\">Michel BOUFFAULT(<span style=\"color: #000080;\"><a style=\"color: #000080;\" href=\"mailto:club@tt-nogent.fr\" target=\"_blank\" rel=\"noreferrer noopener\">club@tt-nogent.fr<\/a><\/span>) <\/span><\/p><h3><span style=\"color: #333399;\"><strong>Suivi des jeunes :<\/strong><\/span><\/h3><p><span style=\"color: #000000;\">(<span style=\"color: #000080;\"><a style=\"color: #000080;\" href=\"mailto:jeunes@tt-nogent.fr\" target=\"_blank\" rel=\"noreferrer noopener\">jeunes@tt-nogent.fr<\/a><\/span>)<\/span><\/p>\t\t\t\t\t\t\t\t<\/div>\n\t\t\t\t<div class=\"elementor-element elementor-element-0e7abb7 elementor-widget__width-initial elementor-widget elementor-widget-text-editor\" data-id=\"0e7abb7\" data-element_type=\"widget\" data-e-type=\"widget\" data-widget_type=\"text-editor.default\">\n\t\t\t\t\t\t\t\t\t<h3><span style=\"color: #333399;\"><strong>Webmaster :<\/strong><\/span><\/h3>\n<span style=\"color: #000000;\">Oualid AZIZI (<\/span><span style=\"color: #000080;\"><a style=\"color: #000080;\" href=\"mailto:webmaster@tt-nogent.fr\" target=\"_blank\" rel=\"noreferrer noopener\"><span style=\"color: #000000;\"><\/span>webmaster@tt-nogent.fr<\/a>)<\/span>\n<h3><span style=\"color: #333399;\"><strong>Tr\u00e9sorier\u00a0:<\/strong><\/span><\/h3>\n<span style=\"color: #000000;\">Laurent DAUMAL<\/span>\t\t\t\t\t\t\t\t<\/div>\n\t\t\t\t<div class=\"elementor-element elementor-element-055295a elementor-widget__width-initial elementor-widget elementor-widget-text-editor\" data-id=\"055295a\" data-element_type=\"widget\" data-e-type=\"widget\" data-widget_type=\"text-editor.default\">\n\t\t\t\t\t\t\t\t\t<h3><span style=\"color: #333399;\"><strong>Membres du bureau :<\/strong><\/span><\/h3><p><span style=\"color: #000000;\"> Jean-Charles BAUTMANS<\/span><\/p><p><span style=\"color: #000000;\">Louis-Marie BONNEL<\/span><\/p><p><span style=\"color: #000000;\"> Benjamin DORE<\/span><\/p>\t\t\t\t\t\t\t\t<\/div>\n\t\t\t\t\t<\/div>\n\t\t\t\t<\/div>\n\t\t\t\t<\/div>\n\t\t","protected":false},"excerpt":{"rendered":"<p>Pour plus d&rsquo;informations ou toutes questions sur le club, n&rsquo;h\u00e9sitez pas \u00e0 nous contacter Pr\u00e9sident\u00a0:\u00a0 Pascal ROCHETTE (club@tt-nogent.fr) Secr\u00e9taire G\u00e9n\u00e9ral\u00a0: Michel BOUFFAULT(club@tt-nogent.fr) Suivi des jeunes : (jeunes@tt-nogent.fr) Webmaster : Oualid AZIZI (webmaster@tt-nogent.fr) Tr\u00e9sorier\u00a0: Laurent DAUMAL Membres du bureau : Jean-Charles BAUTMANS Louis-Marie BONNEL Benjamin DORE<\/p>\n","protected":false},"author":1,"featured_media":0,"parent":0,"menu_order":0,"comment_status":"closed","ping_status":"closed","template":"","meta":{"footnotes":""},"class_list":["post-4059","page","type-page","status-publish","hentry"],"_links":{"self":[{"href":"https:\/\/www.tt-nogent.fr\/index.php\/wp-json\/wp\/v2\/pages\/4059","targetHints":{"allow":["GET"]}}],"collection":[{"href":"https:\/\/www.tt-nogent.fr\/index.php\/wp-json\/wp\/v2\/pages"}],"about":[{"href":"https:\/\/www.tt-nogent.fr\/index.php\/wp-json\/wp\/v2\/types\/page"}],"author":[{"embeddable":true,"href":"https:\/\/www.tt-nogent.fr\/index.php\/wp-json\/wp\/v2\/users\/1"}],"replies":[{"embeddable":true,"href":"https:\/\/www.tt-nogent.fr\/index.php\/wp-json\/wp\/v2\/comments?post=4059"}],"version-history":[{"count":47,"href":"https:\/\/www.tt-nogent.fr\/index.php\/wp-json\/wp\/v2\/pages\/4059\/revisions"}],"predecessor-version":[{"id":4289,"href":"https:\/\/www.tt-nogent.fr\/index.php\/wp-json\/wp\/v2\/pages\/4059\/revisions\/4289"}],"wp:attachment":[{"href":"https:\/\/www.tt-nogent.fr\/index.php\/wp-json\/wp\/v2\/media?parent=4059"}],"curies":[{"name":"wp","href":"https:\/\/api.w.org\/{rel}","templated":true}]}}