{"id":354,"date":"2019-01-17T15:29:59","date_gmt":"2019-01-17T14:29:59","guid":{"rendered":"http:\/\/www.tt-nogent.fr\/wp\/?page_id=354"},"modified":"2025-07-02T00:43:30","modified_gmt":"2025-07-01T22:43:30","slug":"liens-et-ressources","status":"publish","type":"page","link":"https:\/\/www.tt-nogent.fr\/index.php\/liens-et-ressources\/","title":{"rendered":"Liens et Ressources"},"content":{"rendered":"\n<h2 class=\"wp-block-heading\"><span style=\"font-family: Oswald, sans-serif; font-size: 28px; text-transform: uppercase;\">LieNs<\/span><\/h2>\n\n\n\n<h3 class=\"wp-block-heading\">Organismes officiels<\/h3>\n\n\n\n<table id=\"tablepress-2\" class=\"tablepress tablepress-id-2\">\n<tbody class=\"row-striping row-hover\">\n<tr class=\"row-1\">\n\t<td class=\"column-1\">La f\u00e9d\u00e9ration Internationale<\/td><td class=\"column-2\"><img decoding=\"async\" src=\"https:\/\/www.tt-nogent.fr\/wp-content\/uploads\/2019\/01\/logo_ittf-e1548068873655.png\" alt=\"\" width=\"50\" height=\"50\" class=\"alignnone size-full wp-image-909\" \/><\/td><td class=\"column-3\"><a href=\"http:\/\/www.ittf.com\/\" rel=\"noopener\" target=\"_blank\">I.T.T.F.<\/a><\/td>\n<\/tr>\n<tr class=\"row-2\">\n\t<td class=\"column-1\">La F\u00e9d\u00e9ration Europ\u00e9enne<\/td><td class=\"column-2\"><img decoding=\"async\" src=\"https:\/\/www.tt-nogent.fr\/wp-content\/uploads\/2019\/01\/logo_ettu-e1548068821518.png\" alt=\"\" width=\"76\" height=\"50\" class=\"alignnone size-full wp-image-911\" \/><\/td><td class=\"column-3\"><a href=\"http:\/\/www.ettu.org\/\" rel=\"noopener\" target=\"_blank\">E.T.T.U.<\/a><\/td>\n<\/tr>\n<tr class=\"row-3\">\n\t<td class=\"column-1\">La F\u00e9d\u00e9ration Fran\u00e7aise<\/td><td class=\"column-2\"><img decoding=\"async\" src=\"https:\/\/www.tt-nogent.fr\/wp-content\/uploads\/2019\/01\/logo_fftt-e1548068881309.png\" alt=\"\" width=\"59\" height=\"50\" class=\"alignnone size-full wp-image-906\" \/><\/td><td class=\"column-3\"><a href=\"http:\/\/www.fftt.com\/\" rel=\"noopener\" target=\"_blank\">F.F.T.T.<\/a><\/td>\n<\/tr>\n<tr class=\"row-4\">\n\t<td class=\"column-1\">La Ligue \u00cele de France<\/td><td class=\"column-2\"><img loading=\"lazy\" decoding=\"async\" src=\"https:\/\/www.tt-nogent.fr\/wp-content\/uploads\/2019\/01\/logo_fftt_idf-e1548068901170.png\" alt=\"\" width=\"71\" height=\"50\" class=\"alignnone size-full wp-image-905\" \/><\/td><td class=\"column-3\"><a href=\"http:\/\/www.fftt-idf.com\/\" rel=\"noopener\" target=\"_blank\">F.F.T.T. IdF<\/a><\/td>\n<\/tr>\n<tr class=\"row-5\">\n\t<td class=\"column-1\">Le Comit\u00e9 D\u00e9partemental du Val de Marne<\/td><td class=\"column-2\"><img loading=\"lazy\" decoding=\"async\" src=\"https:\/\/www.tt-nogent.fr\/wp-content\/uploads\/2019\/01\/logo_cd94-e1548068839461.png\" alt=\"\" width=\"50\" height=\"50\" class=\"alignnone size-full wp-image-910\" \/><\/td><td class=\"column-3\"><a href=\"http:\/\/cd94tt.com\/\" rel=\"noopener\" target=\"_blank\">CD94<\/a><\/td>\n<\/tr>\n<tr class=\"row-6\">\n\t<td class=\"column-1\">La F\u00e9d\u00e9ration FSGT<\/td><td class=\"column-2\"><img loading=\"lazy\" decoding=\"async\" src=\"https:\/\/www.tt-nogent.fr\/wp-content\/uploads\/2019\/01\/logo_fsgt-e1548068892527.gif\" alt=\"\" width=\"75\" height=\"50\" class=\"alignnone size-full wp-image-907\" \/><\/td><td class=\"column-3\"><a href=\"http:\/\/www.fsgt.org\/\" rel=\"noopener\" target=\"_blank\">F.S.G.T.<\/a><\/td>\n<\/tr>\n<\/tbody>\n<\/table>\n<!-- #tablepress-2 from cache -->\n\n\n<h3 class=\"wp-block-heading\">Site renseignements pratiques et divers<\/h3>\n\n\n\n<ul class=\"wp-block-list\">\n<li><a href=\"http:\/\/pongiste.fr\" target=\"_blank\" rel=\"noopener\">PONGISTE.fr<\/a><\/li>\n\n\n\n<li><a href=\"http:\/\/www.tennis-de-table.com\/\" target=\"_blank\" rel=\"noopener\">TENNIS DE TABLE.com<\/a><\/li>\n<\/ul>\n\n\n\n<h2 class=\"wp-block-heading\">Ressources<\/h2>\n\n\n\n<ul class=\"wp-block-list\">\n<li>Tableaux de tournoi\n<ul class=\"wp-block-list\">\n<li><a href=\"https:\/\/www.tt-nogent.fr\/wp-content\/uploads\/2019\/01\/tableau-de-3-joueurs.pdf\" target=\"_blank\" rel=\"noopener\">poule de 3<\/a><\/li>\n\n\n\n<li><a href=\"https:\/\/www.tt-nogent.fr\/wp-content\/uploads\/2019\/01\/tableau-de-4-joueurs.pdf\" target=\"_blank\" rel=\"noopener\">poule de 4<\/a><\/li>\n\n\n\n<li><a href=\"https:\/\/www.tt-nogent.fr\/wp-content\/uploads\/2019\/01\/tableau-de-5-joueurs.pdf\" target=\"_blank\" rel=\"noopener\">poule de 5<\/a><\/li>\n\n\n\n<li><a href=\"https:\/\/www.tt-nogent.fr\/wp-content\/uploads\/2019\/01\/tableau-de-6-joueurs.pdf\" target=\"_blank\" rel=\"noopener\">poule de 6<\/a><\/li>\n\n\n\n<li><a href=\"https:\/\/www.tt-nogent.fr\/wp-content\/uploads\/2019\/01\/tableau-de-8-joueurs.pdf\" target=\"_blank\" rel=\"noopener\">poule de 8<\/a><\/li>\n\n\n\n<li><a href=\"https:\/\/www.tt-nogent.fr\/wp-content\/uploads\/2019\/01\/tableau-de-16-joueurs-elimination-direct.pdf\" target=\"_blank\" rel=\"noopener\">tableau 16 joueurs<\/a><\/li>\n\n\n\n<li><a href=\"https:\/\/www.tt-nogent.fr\/wp-content\/uploads\/2019\/01\/tableau-de-32-joueurs-elimination-direct.pdf\" target=\"_blank\" rel=\"noopener\">tableau 32 joueurs<\/a><\/li>\n<\/ul>\n<\/li>\n<\/ul>\n\n\n\n<figure class=\"wp-block-image size-large\"><img loading=\"lazy\" decoding=\"async\" width=\"1024\" height=\"1024\" src=\"https:\/\/www.tt-nogent.fr\/wp-content\/uploads\/2025\/07\/1-1-1024x1024.png\" alt=\"\" class=\"wp-image-3888\" srcset=\"https:\/\/www.tt-nogent.fr\/wp-content\/uploads\/2025\/07\/1-1-1024x1024.png 1024w, https:\/\/www.tt-nogent.fr\/wp-content\/uploads\/2025\/07\/1-1-300x300.png 300w, https:\/\/www.tt-nogent.fr\/wp-content\/uploads\/2025\/07\/1-1-150x150.png 150w, https:\/\/www.tt-nogent.fr\/wp-content\/uploads\/2025\/07\/1-1-768x768.png 768w, https:\/\/www.tt-nogent.fr\/wp-content\/uploads\/2025\/07\/1-1-1536x1536.png 1536w, https:\/\/www.tt-nogent.fr\/wp-content\/uploads\/2025\/07\/1-1-2048x2048.png 2048w, https:\/\/www.tt-nogent.fr\/wp-content\/uploads\/2025\/07\/1-1-1320x1320.png 1320w\" sizes=\"(max-width: 1024px) 100vw, 1024px\" \/><\/figure>\n","protected":false},"excerpt":{"rendered":"<p>LieNs Organismes officiels Site renseignements pratiques et divers Ressources<\/p>\n","protected":false},"author":3,"featured_media":0,"parent":0,"menu_order":0,"comment_status":"closed","ping_status":"closed","template":"","meta":{"footnotes":""},"class_list":["post-354","page","type-page","status-publish","hentry"],"_links":{"self":[{"href":"https:\/\/www.tt-nogent.fr\/index.php\/wp-json\/wp\/v2\/pages\/354","targetHints":{"allow":["GET"]}}],"collection":[{"href":"https:\/\/www.tt-nogent.fr\/index.php\/wp-json\/wp\/v2\/pages"}],"about":[{"href":"https:\/\/www.tt-nogent.fr\/index.php\/wp-json\/wp\/v2\/types\/page"}],"author":[{"embeddable":true,"href":"https:\/\/www.tt-nogent.fr\/index.php\/wp-json\/wp\/v2\/users\/3"}],"replies":[{"embeddable":true,"href":"https:\/\/www.tt-nogent.fr\/index.php\/wp-json\/wp\/v2\/comments?post=354"}],"version-history":[{"count":14,"href":"https:\/\/www.tt-nogent.fr\/index.php\/wp-json\/wp\/v2\/pages\/354\/revisions"}],"predecessor-version":[{"id":3916,"href":"https:\/\/www.tt-nogent.fr\/index.php\/wp-json\/wp\/v2\/pages\/354\/revisions\/3916"}],"wp:attachment":[{"href":"https:\/\/www.tt-nogent.fr\/index.php\/wp-json\/wp\/v2\/media?parent=354"}],"curies":[{"name":"wp","href":"https:\/\/api.w.org\/{rel}","templated":true}]}}