{"id":34,"date":"2018-10-16T09:53:32","date_gmt":"2018-10-16T09:53:32","guid":{"rendered":"http:\/\/192.168.64.2\/wordpress\/?page_id=34"},"modified":"2026-04-28T08:14:45","modified_gmt":"2026-04-28T06:14:45","slug":"inscriptions","status":"publish","type":"page","link":"https:\/\/www.tt-nogent.fr\/index.php\/inscriptions\/","title":{"rendered":"Inscriptions"},"content":{"rendered":"\n<p class=\"has-text-color has-link-color has-medium-font-size wp-elements-1c4dd100a3d5e23d60890f94d28b99a7\" style=\"color:#056196\"><strong>Vous d\u00e9sirez vous inscrire au Club de Tennis de Table de Nogent sur Marne&#8230;<\/strong> \ud83d\udc4d\ud83c\udfd3\ud83d\udc4d<br><strong>Nous serons heureux de vous compter parmi nous.<\/strong> \ud83e\udd1a\ud83d\udc4a\ud83d\udc4f<\/p>\n\n\n\n<p class=\"has-text-align-center has-white-color has-text-color has-background has-link-color has-large-font-size wp-elements-56c326bb6e3efd5de3518e7956d4da4f\" style=\"background-color:#ff0000\"><strong><em>Sous r\u00e9serve de places disponibles <\/em><\/strong><\/p>\n\n\n\n<p class=\"has-text-color has-link-color has-medium-font-size wp-elements-b63797fd949f9b46c8612e4bc1070ba8\" style=\"color:#026aa6\"><\/p>\n\n\n\n<ul class=\"wp-block-list\">\n<li class=\"has-text-color has-link-color has-medium-font-size wp-elements-df821c0760fee4f3b3efeaa279c9c4b0\" style=\"color:#026aa6\"><strong>Vous pouvez t\u00e9l\u00e9charger les feuilles d&rsquo;inscription ci-dessous :<\/strong><br>\n<ul class=\"wp-block-list\">\n<li class=\"has-text-color has-link-color wp-elements-e51bef1a8db7b004b631f3375222d7a6\" style=\"color:#fe0000\"><strong>Adultes<\/strong>\n<ul class=\"wp-block-list\">\n<li><a href=\"https:\/\/www.tt-nogent.fr\/wp-content\/uploads\/2025\/06\/fiche-adultes-inscription-TTN-2025-2026.pdf\" target=\"_blank\" rel=\"noreferrer noopener\"><strong>Inscription 2025-2026 Adultes<\/strong><\/a><\/li>\n\n\n\n<li><a href=\"https:\/\/www.tt-nogent.fr\/wp-content\/uploads\/2025\/06\/25-10-1-autoquestionnaire-medical-majeur.pdf\" target=\"_blank\" rel=\"noreferrer noopener\"><strong>Questionnaire de Sant\u00e9<\/strong><\/a><\/li>\n<\/ul>\n<\/li>\n\n\n\n<li class=\"has-text-color has-link-color wp-elements-180e1018543f1bae5a18ff62ac47f37e\" style=\"color:#6d0bca\">J<strong>eunes<\/strong>\n<ul class=\"wp-block-list\">\n<li><a href=\"https:\/\/www.tt-nogent.fr\/wp-content\/uploads\/2025\/06\/fiche-jeunes-inscription-TTN-2025-2026.pdf\" target=\"_blank\" rel=\"noreferrer noopener\"><strong>Inscription 2025-2026 jeunes<\/strong><\/a><\/li>\n\n\n\n<li><a href=\"https:\/\/www.tt-nogent.fr\/wp-content\/uploads\/2025\/06\/25-10-2-autoquestionnaire-medical-mineur.pdf\" target=\"_blank\" rel=\"noreferrer noopener\"><strong>Questionnaire de Sant\u00e9 Jeunes<\/strong><\/a><\/li>\n<\/ul>\n<\/li>\n\n\n\n<li class=\"has-text-color has-link-color wp-elements-eac82daf0381aa5f3df771da1f85bea1\" style=\"color:#02c37c\"><strong>Tout \u00e2ge:<\/strong>\n<ul class=\"wp-block-list\">\n<li><a href=\"https:\/\/www.tt-nogent.fr\/wp-content\/uploads\/2025\/06\/25-9-certificat.pdf\" target=\"_blank\" rel=\"noreferrer noopener\"><strong>Mod\u00e8le certificat m\u00e9dical (si n\u00e9cessaire)<\/strong><\/a><\/li>\n<\/ul>\n<\/li>\n<\/ul>\n<\/li>\n<\/ul>\n\n\n\n<p class=\"has-text-color has-link-color has-medium-font-size wp-elements-f4a34530ac7efff00ade86891b4f8c11\" style=\"color:#24506d\"><strong>En esp\u00e9rant vous voir rejoindre notre club prochainement<\/strong>\ud83d\udc4c\u2764\ufe0f\ud83d\udc4d\ud83c\udfd3 <\/p>\n","protected":false},"excerpt":{"rendered":"<p>Vous d\u00e9sirez vous inscrire au Club de Tennis de Table de Nogent sur Marne&#8230; \ud83d\udc4d\ud83c\udfd3\ud83d\udc4dNous serons heureux de vous compter parmi nous. \ud83e\udd1a\ud83d\udc4a\ud83d\udc4f Sous r\u00e9serve de places disponibles En esp\u00e9rant vous voir rejoindre notre club prochainement\ud83d\udc4c\u2764\ufe0f\ud83d\udc4d\ud83c\udfd3<\/p>\n","protected":false},"author":3,"featured_media":0,"parent":0,"menu_order":0,"comment_status":"closed","ping_status":"closed","template":"","meta":{"footnotes":""},"class_list":["post-34","page","type-page","status-publish","hentry"],"_links":{"self":[{"href":"https:\/\/www.tt-nogent.fr\/index.php\/wp-json\/wp\/v2\/pages\/34","targetHints":{"allow":["GET"]}}],"collection":[{"href":"https:\/\/www.tt-nogent.fr\/index.php\/wp-json\/wp\/v2\/pages"}],"about":[{"href":"https:\/\/www.tt-nogent.fr\/index.php\/wp-json\/wp\/v2\/types\/page"}],"author":[{"embeddable":true,"href":"https:\/\/www.tt-nogent.fr\/index.php\/wp-json\/wp\/v2\/users\/3"}],"replies":[{"embeddable":true,"href":"https:\/\/www.tt-nogent.fr\/index.php\/wp-json\/wp\/v2\/comments?post=34"}],"version-history":[{"count":30,"href":"https:\/\/www.tt-nogent.fr\/index.php\/wp-json\/wp\/v2\/pages\/34\/revisions"}],"predecessor-version":[{"id":4027,"href":"https:\/\/www.tt-nogent.fr\/index.php\/wp-json\/wp\/v2\/pages\/34\/revisions\/4027"}],"wp:attachment":[{"href":"https:\/\/www.tt-nogent.fr\/index.php\/wp-json\/wp\/v2\/media?parent=34"}],"curies":[{"name":"wp","href":"https:\/\/api.w.org\/{rel}","templated":true}]}}