{"id":2880,"date":"2025-05-28T16:13:10","date_gmt":"2025-05-28T14:13:10","guid":{"rendered":"https:\/\/www.tt-nogent.fr\/?page_id=2880"},"modified":"2025-06-04T12:48:08","modified_gmt":"2025-06-04T10:48:08","slug":"notre-page-facebook","status":"publish","type":"page","link":"https:\/\/www.tt-nogent.fr\/index.php\/notre-page-facebook\/","title":{"rendered":"Notre page Facebook"},"content":{"rendered":"<h5><strong><span style=\"color: #ff0000;\"><a style=\"color: #ff0000;\" href=\"https:\/\/www.facebook.com\/nogentTT\/\">https:\/\/www.facebook.com\/nogentTT\/<\/a><\/span><\/strong><\/h5>\n<p><em><strong><span style=\"color: #000080;\">Ce lien, pour partager et tout savoir en temps r\u00e9el sur l&rsquo;activit\u00e9 de notre club, r\u00e9sultats, tournois, \u00e9v\u00e9nements, photos, vid\u00e9os, articles, partenariats, etc&#8230;<\/span><\/strong><\/em><br \/>\n<em><strong><span style=\"color: #000080;\">Et si l&rsquo;envie vous prend de faire du ping, c&rsquo;est avec grand plaisir que nous vous accueillerons pour \u00e9changer quelques balles avec vous, (d\u00e9butant(e)s ou confirm\u00e9(e)s.<br \/>\n<\/span><\/strong><\/em><em><strong><span style=\"color: #000080;\">Au plaisir de vous avoir comme joueuses ou joueurs dans notre belle association sportive de Tennis de Table\ud83d\ude0d<br \/>\n<\/span><\/strong><\/em><br \/>\n<em><strong><span style=\"color: #000080;\">Le TTN\u00a0 \ud83e\udd1a\ud83c\udfd3\ud83e\udd1a<\/span><\/strong><\/em><br \/>\n<em><strong><span style=\"color: #000080;\">Le ping est notre passion \ud83c\udfd3\u2764\ufe0f\ud83c\udfd3<\/span><\/strong><\/em><\/p>\n<!--[if lt IE 9]><script>document.createElement('audio');<\/script><![endif]-->\n<audio class=\"wp-audio-shortcode\" id=\"audio-2880-1\" loop autoplay preload=\"none\" style=\"width: 100%;\" controls=\"controls\"><source type=\"audio\/mpeg\" src=\"https:\/\/www.tt-nogent.fr\/wp-content\/uploads\/2025\/06\/Depeche-Mode-Enjoy-the-Silence.mp3?_=1\" \/><a href=\"https:\/\/www.tt-nogent.fr\/wp-content\/uploads\/2025\/06\/Depeche-Mode-Enjoy-the-Silence.mp3\">https:\/\/www.tt-nogent.fr\/wp-content\/uploads\/2025\/06\/Depeche-Mode-Enjoy-the-Silence.mp3<\/a><\/audio>\n<p>&nbsp;<\/p>\n<p><a href=\"https:\/\/www.tt-nogent.fr\/wp-content\/uploads\/2024\/09\/Si-vous-voulez-suivre-lactu-du-TTN-sur.png\"><img loading=\"lazy\" decoding=\"async\" class=\"alignleft wp-image-2597 size-full\" src=\"https:\/\/www.tt-nogent.fr\/wp-content\/uploads\/2024\/09\/Si-vous-voulez-suivre-lactu-du-TTN-sur.png\" alt=\"\" width=\"2121\" height=\"3000\" srcset=\"https:\/\/www.tt-nogent.fr\/wp-content\/uploads\/2024\/09\/Si-vous-voulez-suivre-lactu-du-TTN-sur.png 2121w, https:\/\/www.tt-nogent.fr\/wp-content\/uploads\/2024\/09\/Si-vous-voulez-suivre-lactu-du-TTN-sur-212x300.png 212w, https:\/\/www.tt-nogent.fr\/wp-content\/uploads\/2024\/09\/Si-vous-voulez-suivre-lactu-du-TTN-sur-724x1024.png 724w, https:\/\/www.tt-nogent.fr\/wp-content\/uploads\/2024\/09\/Si-vous-voulez-suivre-lactu-du-TTN-sur-768x1086.png 768w, https:\/\/www.tt-nogent.fr\/wp-content\/uploads\/2024\/09\/Si-vous-voulez-suivre-lactu-du-TTN-sur-1086x1536.png 1086w, https:\/\/www.tt-nogent.fr\/wp-content\/uploads\/2024\/09\/Si-vous-voulez-suivre-lactu-du-TTN-sur-1448x2048.png 1448w, https:\/\/www.tt-nogent.fr\/wp-content\/uploads\/2024\/09\/Si-vous-voulez-suivre-lactu-du-TTN-sur-1320x1867.png 1320w\" sizes=\"auto, (max-width: 2121px) 100vw, 2121px\" \/><\/a><\/p>\n<p>&nbsp;<\/p>\n","protected":false},"excerpt":{"rendered":"<p>https:\/\/www.facebook.com\/nogentTT\/ Ce lien, pour partager et tout savoir en temps r\u00e9el sur l&rsquo;activit\u00e9 de notre club, r\u00e9sultats, tournois, \u00e9v\u00e9nements, photos, vid\u00e9os, articles, partenariats, etc&#8230; Et si l&rsquo;envie vous prend de faire du ping, c&rsquo;est avec grand plaisir que nous vous accueillerons pour \u00e9changer quelques balles avec vous, (d\u00e9butant(e)s ou confirm\u00e9(e)s. Au plaisir de vous avoir [&hellip;]<\/p>\n","protected":false},"author":1,"featured_media":0,"parent":0,"menu_order":0,"comment_status":"closed","ping_status":"closed","template":"template-fullwidth.php","meta":{"footnotes":""},"class_list":["post-2880","page","type-page","status-publish","hentry"],"_links":{"self":[{"href":"https:\/\/www.tt-nogent.fr\/index.php\/wp-json\/wp\/v2\/pages\/2880","targetHints":{"allow":["GET"]}}],"collection":[{"href":"https:\/\/www.tt-nogent.fr\/index.php\/wp-json\/wp\/v2\/pages"}],"about":[{"href":"https:\/\/www.tt-nogent.fr\/index.php\/wp-json\/wp\/v2\/types\/page"}],"author":[{"embeddable":true,"href":"https:\/\/www.tt-nogent.fr\/index.php\/wp-json\/wp\/v2\/users\/1"}],"replies":[{"embeddable":true,"href":"https:\/\/www.tt-nogent.fr\/index.php\/wp-json\/wp\/v2\/comments?post=2880"}],"version-history":[{"count":18,"href":"https:\/\/www.tt-nogent.fr\/index.php\/wp-json\/wp\/v2\/pages\/2880\/revisions"}],"predecessor-version":[{"id":3315,"href":"https:\/\/www.tt-nogent.fr\/index.php\/wp-json\/wp\/v2\/pages\/2880\/revisions\/3315"}],"wp:attachment":[{"href":"https:\/\/www.tt-nogent.fr\/index.php\/wp-json\/wp\/v2\/media?parent=2880"}],"curies":[{"name":"wp","href":"https:\/\/api.w.org\/{rel}","templated":true}]}}