{"id":256,"date":"2019-01-15T14:48:27","date_gmt":"2019-01-15T13:48:27","guid":{"rendered":"http:\/\/www.tt-nogent.fr\/wp\/?page_id=256"},"modified":"2026-04-28T08:18:44","modified_gmt":"2026-04-28T06:18:44","slug":"le-bureau","status":"publish","type":"page","link":"https:\/\/www.tt-nogent.fr\/index.php\/le-bureau\/","title":{"rendered":"Le bureau"},"content":{"rendered":"\n<ul class=\"wp-block-list\">\n<li class=\"has-text-color has-link-color has-medium-font-size wp-elements-e2c35328dc7bf22e9dd28b0bc2e25eb4\" style=\"color:#0066a2\"><strong><span style=\"text-decoration: underline;\">Pr\u00e9sident <\/span>: <em>Pascal ROCHETTE<\/em> (<a href=\"mailto:club@tt-nogent.fr\" target=\"_blank\" rel=\"noreferrer noopener\">club@tt-nogent.fr<\/a>)<\/strong><\/li>\n\n\n\n<li class=\"has-text-color has-link-color has-medium-font-size wp-elements-17a60bcc13867a2ceca7d88564e7e664\" style=\"color:#ff0000\"><strong><span style=\"text-decoration: underline;\">Secr\u00e9taire G\u00e9n\u00e9ral <\/span>: <em>Michel BOUFFAULT<\/em> (<a href=\"mailto:club@tt-nogent.fr\" target=\"_blank\" rel=\"noreferrer noopener\">club@tt-nogent.fr<\/a>)<\/strong><\/li>\n\n\n\n<li class=\"has-text-color has-link-color has-medium-font-size wp-elements-85043a1300e7743e78e94f48ddfd4123\" style=\"color:#8205f8\"><strong><span style=\"text-decoration: underline;\">Tr\u00e9sorier<\/span> : <em>Laurent DAUMAL<\/em><\/strong><\/li>\n\n\n\n<li class=\"has-luminous-vivid-orange-color has-text-color has-link-color has-medium-font-size wp-elements-14c251a87ba733ed472c56c969ed9be8\"><strong><span style=\"text-decoration: underline;\">Responsable des jeunes<\/span> : (<a href=\"mailto:jeunes@tt-nogent.fr\" target=\"_blank\" rel=\"noreferrer noopener\">jeunes@tt-nogent.fr<\/a>)<\/strong><\/li>\n\n\n\n<li class=\"has-text-color has-link-color has-medium-font-size wp-elements-a18bc507af6ca8c72fbe898466915a14\" style=\"color:#00b06f\"><strong><span style=\"text-decoration: underline;\">Membres<\/span> : <em>Jean-Charles<\/em> <em>BAUTMANS<\/em>, <em>Louis-Marie BONNEL, Benjamin DORE<\/em><\/strong><\/li>\n\n\n\n<li class=\"has-vivid-cyan-blue-color has-text-color has-link-color has-medium-font-size wp-elements-e424e0131d53fa386df7dd9c63894804\"><strong><span style=\"text-decoration: underline;\">Webmasters<\/span> : <em>Oualid AZIZI<\/em> (<a href=\"mailto:webmaster@tt-nogent.fr\" target=\"_blank\" rel=\"noreferrer noopener\">webmaster@tt-nogent.fr<\/a>)<\/strong><\/li>\n<\/ul>\n\n\n\n<figure class=\"wp-block-image size-large\"><img loading=\"lazy\" decoding=\"async\" width=\"1024\" height=\"1024\" src=\"https:\/\/www.tt-nogent.fr\/wp-content\/uploads\/2025\/07\/1-1-1024x1024.png\" alt=\"\" class=\"wp-image-3888\" srcset=\"https:\/\/www.tt-nogent.fr\/wp-content\/uploads\/2025\/07\/1-1-1024x1024.png 1024w, https:\/\/www.tt-nogent.fr\/wp-content\/uploads\/2025\/07\/1-1-300x300.png 300w, https:\/\/www.tt-nogent.fr\/wp-content\/uploads\/2025\/07\/1-1-150x150.png 150w, https:\/\/www.tt-nogent.fr\/wp-content\/uploads\/2025\/07\/1-1-768x768.png 768w, https:\/\/www.tt-nogent.fr\/wp-content\/uploads\/2025\/07\/1-1-1536x1536.png 1536w, https:\/\/www.tt-nogent.fr\/wp-content\/uploads\/2025\/07\/1-1-2048x2048.png 2048w, https:\/\/www.tt-nogent.fr\/wp-content\/uploads\/2025\/07\/1-1-1320x1320.png 1320w\" sizes=\"auto, (max-width: 1024px) 100vw, 1024px\" \/><\/figure>\n","protected":false},"excerpt":{"rendered":"","protected":false},"author":3,"featured_media":0,"parent":0,"menu_order":0,"comment_status":"closed","ping_status":"closed","template":"","meta":{"footnotes":""},"class_list":["post-256","page","type-page","status-publish","hentry"],"_links":{"self":[{"href":"https:\/\/www.tt-nogent.fr\/index.php\/wp-json\/wp\/v2\/pages\/256","targetHints":{"allow":["GET"]}}],"collection":[{"href":"https:\/\/www.tt-nogent.fr\/index.php\/wp-json\/wp\/v2\/pages"}],"about":[{"href":"https:\/\/www.tt-nogent.fr\/index.php\/wp-json\/wp\/v2\/types\/page"}],"author":[{"embeddable":true,"href":"https:\/\/www.tt-nogent.fr\/index.php\/wp-json\/wp\/v2\/users\/3"}],"replies":[{"embeddable":true,"href":"https:\/\/www.tt-nogent.fr\/index.php\/wp-json\/wp\/v2\/comments?post=256"}],"version-history":[{"count":20,"href":"https:\/\/www.tt-nogent.fr\/index.php\/wp-json\/wp\/v2\/pages\/256\/revisions"}],"predecessor-version":[{"id":4030,"href":"https:\/\/www.tt-nogent.fr\/index.php\/wp-json\/wp\/v2\/pages\/256\/revisions\/4030"}],"wp:attachment":[{"href":"https:\/\/www.tt-nogent.fr\/index.php\/wp-json\/wp\/v2\/media?parent=256"}],"curies":[{"name":"wp","href":"https:\/\/api.w.org\/{rel}","templated":true}]}}