{"id":19,"date":"2018-10-16T08:24:15","date_gmt":"2018-10-16T08:24:15","guid":{"rendered":"http:\/\/192.168.64.2\/wordpress\/?page_id=19"},"modified":"2026-04-28T08:14:07","modified_gmt":"2026-04-28T06:14:07","slug":"horaires-dentrainements","status":"publish","type":"page","link":"https:\/\/www.tt-nogent.fr\/index.php\/horaires-dentrainements\/","title":{"rendered":"Horaires des entrainements"},"content":{"rendered":"\n<p class=\"has-white-color has-text-color has-background has-link-color has-medium-font-size wp-elements-6d369a0474e1a0580777584efd86c54d\" style=\"background-color:#0a2556\"><strong><em>Le club propose des entra\u00eenements dirig\u00e9s plusieurs fois par semaine\ud83d\udc4d<br>Vous pouvez consulter le d\u00e9tail des jours propos\u00e9s dans le tableau ci-dessous. \ud83d\udcd4<br>Tous les entra\u00eenements ont lieu au :<br>Gymnase Christian Marty <br>94 rue Fran\u00e7ois Rolland <br>94130 Nogent sur Marne<\/em><\/strong><\/p>\n\n\n<div class=\"wp-block-image\">\n<figure class=\"aligncenter size-large\"><img loading=\"lazy\" decoding=\"async\" width=\"1024\" height=\"724\" src=\"https:\/\/www.tt-nogent.fr\/wp-content\/uploads\/2025\/08\/le-tableau-des-differents-creneaux-hebdomadaires-sur-les-3-salles-pour-la-saison-2025-2026-1024x724.png\" alt=\"\" class=\"wp-image-3904\" srcset=\"https:\/\/www.tt-nogent.fr\/wp-content\/uploads\/2025\/08\/le-tableau-des-differents-creneaux-hebdomadaires-sur-les-3-salles-pour-la-saison-2025-2026-1024x724.png 1024w, https:\/\/www.tt-nogent.fr\/wp-content\/uploads\/2025\/08\/le-tableau-des-differents-creneaux-hebdomadaires-sur-les-3-salles-pour-la-saison-2025-2026-300x212.png 300w, https:\/\/www.tt-nogent.fr\/wp-content\/uploads\/2025\/08\/le-tableau-des-differents-creneaux-hebdomadaires-sur-les-3-salles-pour-la-saison-2025-2026-768x543.png 768w, https:\/\/www.tt-nogent.fr\/wp-content\/uploads\/2025\/08\/le-tableau-des-differents-creneaux-hebdomadaires-sur-les-3-salles-pour-la-saison-2025-2026-1536x1086.png 1536w, https:\/\/www.tt-nogent.fr\/wp-content\/uploads\/2025\/08\/le-tableau-des-differents-creneaux-hebdomadaires-sur-les-3-salles-pour-la-saison-2025-2026-2048x1448.png 2048w, https:\/\/www.tt-nogent.fr\/wp-content\/uploads\/2025\/08\/le-tableau-des-differents-creneaux-hebdomadaires-sur-les-3-salles-pour-la-saison-2025-2026-1320x933.png 1320w\" sizes=\"auto, (max-width: 1024px) 100vw, 1024px\" \/><\/figure><\/div>\n\n\n<p>.<\/p>\n\n\n\n<figure class=\"wp-block-image size-large\"><img loading=\"lazy\" decoding=\"async\" width=\"1024\" height=\"724\" src=\"https:\/\/www.tt-nogent.fr\/wp-content\/uploads\/2025\/06\/recapitulatif-des-principales-competitions-prevues-pour-la-saison-2025-2026-1-1024x724.png\" alt=\"\" class=\"wp-image-3868\" srcset=\"https:\/\/www.tt-nogent.fr\/wp-content\/uploads\/2025\/06\/recapitulatif-des-principales-competitions-prevues-pour-la-saison-2025-2026-1-1024x724.png 1024w, https:\/\/www.tt-nogent.fr\/wp-content\/uploads\/2025\/06\/recapitulatif-des-principales-competitions-prevues-pour-la-saison-2025-2026-1-300x212.png 300w, https:\/\/www.tt-nogent.fr\/wp-content\/uploads\/2025\/06\/recapitulatif-des-principales-competitions-prevues-pour-la-saison-2025-2026-1-768x543.png 768w, https:\/\/www.tt-nogent.fr\/wp-content\/uploads\/2025\/06\/recapitulatif-des-principales-competitions-prevues-pour-la-saison-2025-2026-1-1536x1086.png 1536w, https:\/\/www.tt-nogent.fr\/wp-content\/uploads\/2025\/06\/recapitulatif-des-principales-competitions-prevues-pour-la-saison-2025-2026-1-2048x1448.png 2048w, https:\/\/www.tt-nogent.fr\/wp-content\/uploads\/2025\/06\/recapitulatif-des-principales-competitions-prevues-pour-la-saison-2025-2026-1-1320x933.png 1320w\" sizes=\"auto, (max-width: 1024px) 100vw, 1024px\" \/><\/figure>\n\n\n\n<p>.<\/p>\n\n\n\n<p class=\"has-text-align-center has-white-color has-text-color has-background has-link-color has-medium-font-size wp-elements-f780edde0b306f1441d97ab5779d4cb0\" style=\"background-color:#ff0000\"><em><strong>Attention&#8230;2 lieux pour les jours de comp\u00e9titions<\/strong><\/em> !<\/p>\n\n\n<div class=\"wp-block-image\">\n<figure class=\"aligncenter size-large\"><img loading=\"lazy\" decoding=\"async\" width=\"1024\" height=\"724\" src=\"https:\/\/www.tt-nogent.fr\/wp-content\/uploads\/2025\/06\/999-1-1024x724.png\" alt=\"\" class=\"wp-image-3277\" srcset=\"https:\/\/www.tt-nogent.fr\/wp-content\/uploads\/2025\/06\/999-1-1024x724.png 1024w, https:\/\/www.tt-nogent.fr\/wp-content\/uploads\/2025\/06\/999-1-300x212.png 300w, https:\/\/www.tt-nogent.fr\/wp-content\/uploads\/2025\/06\/999-1-768x543.png 768w, https:\/\/www.tt-nogent.fr\/wp-content\/uploads\/2025\/06\/999-1-1536x1086.png 1536w, https:\/\/www.tt-nogent.fr\/wp-content\/uploads\/2025\/06\/999-1-2048x1448.png 2048w, https:\/\/www.tt-nogent.fr\/wp-content\/uploads\/2025\/06\/999-1-1320x933.png 1320w\" sizes=\"auto, (max-width: 1024px) 100vw, 1024px\" \/><\/figure><\/div>\n\n\n<p><\/p>\n\n\n<div class=\"wp-block-image\">\n<figure class=\"aligncenter size-large\"><img loading=\"lazy\" decoding=\"async\" width=\"1024\" height=\"724\" src=\"https:\/\/www.tt-nogent.fr\/wp-content\/uploads\/2025\/05\/WhatsApp-Image-2024-04-12-a-11.41.33_3db17cc1-1024x724.jpg\" alt=\"\" class=\"wp-image-2797\" srcset=\"https:\/\/www.tt-nogent.fr\/wp-content\/uploads\/2025\/05\/WhatsApp-Image-2024-04-12-a-11.41.33_3db17cc1-1024x724.jpg 1024w, https:\/\/www.tt-nogent.fr\/wp-content\/uploads\/2025\/05\/WhatsApp-Image-2024-04-12-a-11.41.33_3db17cc1-300x212.jpg 300w, https:\/\/www.tt-nogent.fr\/wp-content\/uploads\/2025\/05\/WhatsApp-Image-2024-04-12-a-11.41.33_3db17cc1-768x543.jpg 768w, https:\/\/www.tt-nogent.fr\/wp-content\/uploads\/2025\/05\/WhatsApp-Image-2024-04-12-a-11.41.33_3db17cc1-1536x1086.jpg 1536w, https:\/\/www.tt-nogent.fr\/wp-content\/uploads\/2025\/05\/WhatsApp-Image-2024-04-12-a-11.41.33_3db17cc1-1320x933.jpg 1320w, https:\/\/www.tt-nogent.fr\/wp-content\/uploads\/2025\/05\/WhatsApp-Image-2024-04-12-a-11.41.33_3db17cc1.jpg 1600w\" sizes=\"auto, (max-width: 1024px) 100vw, 1024px\" \/><\/figure><\/div>\n\n\n<p>.<\/p>\n\n\n<div class=\"wp-block-image\">\n<figure class=\"aligncenter size-large\"><img loading=\"lazy\" decoding=\"async\" width=\"1024\" height=\"702\" src=\"https:\/\/www.tt-nogent.fr\/wp-content\/uploads\/2025\/06\/20250206_203054-1024x702.jpg\" alt=\"\" class=\"wp-image-3465\" srcset=\"https:\/\/www.tt-nogent.fr\/wp-content\/uploads\/2025\/06\/20250206_203054-1024x702.jpg 1024w, https:\/\/www.tt-nogent.fr\/wp-content\/uploads\/2025\/06\/20250206_203054-300x206.jpg 300w, https:\/\/www.tt-nogent.fr\/wp-content\/uploads\/2025\/06\/20250206_203054-768x526.jpg 768w, https:\/\/www.tt-nogent.fr\/wp-content\/uploads\/2025\/06\/20250206_203054-1536x1052.jpg 1536w, https:\/\/www.tt-nogent.fr\/wp-content\/uploads\/2025\/06\/20250206_203054-2048x1403.jpg 2048w, https:\/\/www.tt-nogent.fr\/wp-content\/uploads\/2025\/06\/20250206_203054-1320x904.jpg 1320w\" sizes=\"auto, (max-width: 1024px) 100vw, 1024px\" \/><\/figure><\/div>\n\n\n<p>.<\/p>\n\n\n<div class=\"wp-block-image\">\n<figure class=\"aligncenter size-large\"><img loading=\"lazy\" decoding=\"async\" width=\"1024\" height=\"380\" src=\"https:\/\/www.tt-nogent.fr\/wp-content\/uploads\/2025\/05\/00000-1-1024x380.png\" alt=\"\" class=\"wp-image-2830\" srcset=\"https:\/\/www.tt-nogent.fr\/wp-content\/uploads\/2025\/05\/00000-1-1024x380.png 1024w, https:\/\/www.tt-nogent.fr\/wp-content\/uploads\/2025\/05\/00000-1-300x111.png 300w, https:\/\/www.tt-nogent.fr\/wp-content\/uploads\/2025\/05\/00000-1-768x285.png 768w, https:\/\/www.tt-nogent.fr\/wp-content\/uploads\/2025\/05\/00000-1-1320x490.png 1320w, https:\/\/www.tt-nogent.fr\/wp-content\/uploads\/2025\/05\/00000-1.png 1440w\" sizes=\"auto, (max-width: 1024px) 100vw, 1024px\" \/><\/figure><\/div>\n\n\n<p>.<\/p>\n\n\n<div class=\"wp-block-image\">\n<figure class=\"aligncenter size-full\"><img loading=\"lazy\" decoding=\"async\" width=\"2245\" height=\"1587\" src=\"https:\/\/www.tt-nogent.fr\/wp-content\/uploads\/2025\/06\/88888-1.png\" alt=\"\" class=\"wp-image-3623\" srcset=\"https:\/\/www.tt-nogent.fr\/wp-content\/uploads\/2025\/06\/88888-1.png 2245w, https:\/\/www.tt-nogent.fr\/wp-content\/uploads\/2025\/06\/88888-1-300x212.png 300w, https:\/\/www.tt-nogent.fr\/wp-content\/uploads\/2025\/06\/88888-1-1024x724.png 1024w, https:\/\/www.tt-nogent.fr\/wp-content\/uploads\/2025\/06\/88888-1-768x543.png 768w, https:\/\/www.tt-nogent.fr\/wp-content\/uploads\/2025\/06\/88888-1-1536x1086.png 1536w, https:\/\/www.tt-nogent.fr\/wp-content\/uploads\/2025\/06\/88888-1-2048x1448.png 2048w, https:\/\/www.tt-nogent.fr\/wp-content\/uploads\/2025\/06\/88888-1-1320x933.png 1320w\" sizes=\"auto, (max-width: 2245px) 100vw, 2245px\" \/><\/figure><\/div>\n\n\n<p>.<\/p>\n\n\n\n<div class=\"wp-block-group is-nowrap is-layout-flex wp-container-core-group-is-layout-ad2f72ca wp-block-group-is-layout-flex\"><\/div>\n\n\n<div class=\"wp-block-image\">\n<figure class=\"aligncenter size-large\"><img loading=\"lazy\" decoding=\"async\" width=\"1024\" height=\"757\" src=\"https:\/\/www.tt-nogent.fr\/wp-content\/uploads\/2025\/06\/IMG_20250112_141831-1-1024x757.jpg\" alt=\"\" class=\"wp-image-3464\" srcset=\"https:\/\/www.tt-nogent.fr\/wp-content\/uploads\/2025\/06\/IMG_20250112_141831-1-1024x757.jpg 1024w, https:\/\/www.tt-nogent.fr\/wp-content\/uploads\/2025\/06\/IMG_20250112_141831-1-300x222.jpg 300w, https:\/\/www.tt-nogent.fr\/wp-content\/uploads\/2025\/06\/IMG_20250112_141831-1-768x567.jpg 768w, https:\/\/www.tt-nogent.fr\/wp-content\/uploads\/2025\/06\/IMG_20250112_141831-1-1536x1135.jpg 1536w, https:\/\/www.tt-nogent.fr\/wp-content\/uploads\/2025\/06\/IMG_20250112_141831-1-2048x1513.jpg 2048w, https:\/\/www.tt-nogent.fr\/wp-content\/uploads\/2025\/06\/IMG_20250112_141831-1-1320x975.jpg 1320w\" sizes=\"auto, (max-width: 1024px) 100vw, 1024px\" \/><\/figure><\/div>\n\n\n<p>.<\/p>\n\n\n\n<p><\/p>\n\n\n<div class=\"wp-block-image\">\n<figure class=\"aligncenter size-large\"><img loading=\"lazy\" decoding=\"async\" width=\"1024\" height=\"489\" src=\"https:\/\/www.tt-nogent.fr\/wp-content\/uploads\/2025\/06\/20250206_202216-1024x489.jpg\" alt=\"\" class=\"wp-image-3466\" srcset=\"https:\/\/www.tt-nogent.fr\/wp-content\/uploads\/2025\/06\/20250206_202216-1024x489.jpg 1024w, https:\/\/www.tt-nogent.fr\/wp-content\/uploads\/2025\/06\/20250206_202216-300x143.jpg 300w, https:\/\/www.tt-nogent.fr\/wp-content\/uploads\/2025\/06\/20250206_202216-768x367.jpg 768w, https:\/\/www.tt-nogent.fr\/wp-content\/uploads\/2025\/06\/20250206_202216-1536x734.jpg 1536w, https:\/\/www.tt-nogent.fr\/wp-content\/uploads\/2025\/06\/20250206_202216-2048x978.jpg 2048w, https:\/\/www.tt-nogent.fr\/wp-content\/uploads\/2025\/06\/20250206_202216-1320x630.jpg 1320w\" sizes=\"auto, (max-width: 1024px) 100vw, 1024px\" \/><\/figure><\/div>\n\n\n<p>.<\/p>\n\n\n<div class=\"wp-block-image\">\n<figure class=\"aligncenter size-large\"><img loading=\"lazy\" decoding=\"async\" width=\"1024\" height=\"537\" src=\"https:\/\/www.tt-nogent.fr\/wp-content\/uploads\/2025\/06\/P1100921-1024x537.jpg\" alt=\"\" class=\"wp-image-3467\" srcset=\"https:\/\/www.tt-nogent.fr\/wp-content\/uploads\/2025\/06\/P1100921-1024x537.jpg 1024w, https:\/\/www.tt-nogent.fr\/wp-content\/uploads\/2025\/06\/P1100921-300x157.jpg 300w, https:\/\/www.tt-nogent.fr\/wp-content\/uploads\/2025\/06\/P1100921-768x403.jpg 768w, https:\/\/www.tt-nogent.fr\/wp-content\/uploads\/2025\/06\/P1100921-1536x805.jpg 1536w, https:\/\/www.tt-nogent.fr\/wp-content\/uploads\/2025\/06\/P1100921-2048x1074.jpg 2048w, https:\/\/www.tt-nogent.fr\/wp-content\/uploads\/2025\/06\/P1100921-1320x692.jpg 1320w\" sizes=\"auto, (max-width: 1024px) 100vw, 1024px\" \/><\/figure><\/div>\n\n\n<p>.<\/p>\n\n\n<div class=\"wp-block-image\">\n<figure class=\"aligncenter size-large\"><img loading=\"lazy\" decoding=\"async\" width=\"1024\" height=\"573\" src=\"https:\/\/www.tt-nogent.fr\/wp-content\/uploads\/2025\/06\/20250206_201851-2-1024x573.jpg\" alt=\"\" class=\"wp-image-3469\" srcset=\"https:\/\/www.tt-nogent.fr\/wp-content\/uploads\/2025\/06\/20250206_201851-2-1024x573.jpg 1024w, https:\/\/www.tt-nogent.fr\/wp-content\/uploads\/2025\/06\/20250206_201851-2-300x168.jpg 300w, https:\/\/www.tt-nogent.fr\/wp-content\/uploads\/2025\/06\/20250206_201851-2-768x430.jpg 768w, https:\/\/www.tt-nogent.fr\/wp-content\/uploads\/2025\/06\/20250206_201851-2-1536x860.jpg 1536w, https:\/\/www.tt-nogent.fr\/wp-content\/uploads\/2025\/06\/20250206_201851-2-2048x1147.jpg 2048w, https:\/\/www.tt-nogent.fr\/wp-content\/uploads\/2025\/06\/20250206_201851-2-1320x739.jpg 1320w\" sizes=\"auto, (max-width: 1024px) 100vw, 1024px\" \/><\/figure><\/div>\n\n\n<p>.<\/p>\n\n\n\n<div class=\"wp-block-group is-nowrap is-layout-flex wp-container-core-group-is-layout-ad2f72ca wp-block-group-is-layout-flex\"><\/div>\n\n\n<div class=\"wp-block-image\">\n<figure class=\"aligncenter size-large\"><img loading=\"lazy\" decoding=\"async\" width=\"711\" height=\"1024\" src=\"https:\/\/www.tt-nogent.fr\/wp-content\/uploads\/2025\/06\/20240908_104132-711x1024.jpg\" alt=\"\" class=\"wp-image-3473\" srcset=\"https:\/\/www.tt-nogent.fr\/wp-content\/uploads\/2025\/06\/20240908_104132-711x1024.jpg 711w, https:\/\/www.tt-nogent.fr\/wp-content\/uploads\/2025\/06\/20240908_104132-208x300.jpg 208w, https:\/\/www.tt-nogent.fr\/wp-content\/uploads\/2025\/06\/20240908_104132-768x1106.jpg 768w, https:\/\/www.tt-nogent.fr\/wp-content\/uploads\/2025\/06\/20240908_104132-1066x1536.jpg 1066w, https:\/\/www.tt-nogent.fr\/wp-content\/uploads\/2025\/06\/20240908_104132-1422x2048.jpg 1422w, https:\/\/www.tt-nogent.fr\/wp-content\/uploads\/2025\/06\/20240908_104132-1320x1901.jpg 1320w, https:\/\/www.tt-nogent.fr\/wp-content\/uploads\/2025\/06\/20240908_104132-scaled.jpg 1777w\" sizes=\"auto, (max-width: 711px) 100vw, 711px\" \/><\/figure><\/div>\n\n\n<p>.<\/p>\n\n\n\n<p><\/p>\n\n\n\n<figure class=\"wp-block-image size-large\"><img loading=\"lazy\" decoding=\"async\" width=\"1024\" height=\"724\" src=\"https:\/\/www.tt-nogent.fr\/wp-content\/uploads\/2025\/06\/1-Le-TTN-au-Village-des-Associations-de-Nogent-sur-Marne-4-1024x724.png\" alt=\"\" class=\"wp-image-3475\" srcset=\"https:\/\/www.tt-nogent.fr\/wp-content\/uploads\/2025\/06\/1-Le-TTN-au-Village-des-Associations-de-Nogent-sur-Marne-4-1024x724.png 1024w, https:\/\/www.tt-nogent.fr\/wp-content\/uploads\/2025\/06\/1-Le-TTN-au-Village-des-Associations-de-Nogent-sur-Marne-4-300x212.png 300w, https:\/\/www.tt-nogent.fr\/wp-content\/uploads\/2025\/06\/1-Le-TTN-au-Village-des-Associations-de-Nogent-sur-Marne-4-768x543.png 768w, https:\/\/www.tt-nogent.fr\/wp-content\/uploads\/2025\/06\/1-Le-TTN-au-Village-des-Associations-de-Nogent-sur-Marne-4-1536x1086.png 1536w, https:\/\/www.tt-nogent.fr\/wp-content\/uploads\/2025\/06\/1-Le-TTN-au-Village-des-Associations-de-Nogent-sur-Marne-4-2048x1448.png 2048w, https:\/\/www.tt-nogent.fr\/wp-content\/uploads\/2025\/06\/1-Le-TTN-au-Village-des-Associations-de-Nogent-sur-Marne-4-1320x933.png 1320w\" sizes=\"auto, (max-width: 1024px) 100vw, 1024px\" \/><\/figure>\n\n\n\n<p><\/p>\n\n\n\n<div class=\"wp-block-group is-nowrap is-layout-flex wp-container-core-group-is-layout-ad2f72ca wp-block-group-is-layout-flex\">\n<div class=\"wp-block-group is-layout-grid wp-container-core-group-is-layout-9649a0d9 wp-block-group-is-layout-grid\"><\/div>\n<\/div>\n\n\n\n<p><\/p>\n\n\n\n<div class=\"wp-block-group is-nowrap is-layout-flex wp-container-core-group-is-layout-ad2f72ca wp-block-group-is-layout-flex\"><\/div>\n","protected":false},"excerpt":{"rendered":"<p>Le club propose des entra\u00eenements dirig\u00e9s plusieurs fois par semaine\ud83d\udc4dVous pouvez consulter le d\u00e9tail des jours propos\u00e9s dans le tableau ci-dessous. \ud83d\udcd4Tous les entra\u00eenements ont lieu au :Gymnase Christian Marty 94 rue Fran\u00e7ois Rolland 94130 Nogent sur Marne . . Attention&#8230;2 lieux pour les jours de comp\u00e9titions ! . . . . . . . [&hellip;]<\/p>\n","protected":false},"author":3,"featured_media":0,"parent":0,"menu_order":0,"comment_status":"closed","ping_status":"closed","template":"","meta":{"footnotes":""},"class_list":["post-19","page","type-page","status-publish","hentry"],"_links":{"self":[{"href":"https:\/\/www.tt-nogent.fr\/index.php\/wp-json\/wp\/v2\/pages\/19","targetHints":{"allow":["GET"]}}],"collection":[{"href":"https:\/\/www.tt-nogent.fr\/index.php\/wp-json\/wp\/v2\/pages"}],"about":[{"href":"https:\/\/www.tt-nogent.fr\/index.php\/wp-json\/wp\/v2\/types\/page"}],"author":[{"embeddable":true,"href":"https:\/\/www.tt-nogent.fr\/index.php\/wp-json\/wp\/v2\/users\/3"}],"replies":[{"embeddable":true,"href":"https:\/\/www.tt-nogent.fr\/index.php\/wp-json\/wp\/v2\/comments?post=19"}],"version-history":[{"count":78,"href":"https:\/\/www.tt-nogent.fr\/index.php\/wp-json\/wp\/v2\/pages\/19\/revisions"}],"predecessor-version":[{"id":4026,"href":"https:\/\/www.tt-nogent.fr\/index.php\/wp-json\/wp\/v2\/pages\/19\/revisions\/4026"}],"wp:attachment":[{"href":"https:\/\/www.tt-nogent.fr\/index.php\/wp-json\/wp\/v2\/media?parent=19"}],"curies":[{"name":"wp","href":"https:\/\/api.w.org\/{rel}","templated":true}]}}